{"id":310,"date":"2017-03-12T12:29:11","date_gmt":"2017-03-12T12:29:11","guid":{"rendered":"https:\/\/www.clarisseguichard.com\/?page_id=310"},"modified":"2017-04-03T15:58:39","modified_gmt":"2017-04-03T15:58:39","slug":"children-of-the-80s-2","status":"publish","type":"page","link":"https:\/\/www.clarisseguichard.com\/?page_id=310","title":{"rendered":"Children of The 80&rsquo;s"},"content":{"rendered":"<p><strong>2012-2013<\/strong><\/p>\n<div id='gallery-1' class='gallery galleryid-310 gallery-columns-2 gallery-size-medium'><figure class='gallery-item'>\n\t\t\t<div class='gallery-icon landscape'>\n\t\t\t\t<a href='https:\/\/www.clarisseguichard.com\/wp-content\/uploads\/2017\/01\/01.jpg'><img loading=\"lazy\" decoding=\"async\" width=\"300\" height=\"200\" src=\"https:\/\/www.clarisseguichard.com\/wp-content\/uploads\/2017\/01\/01-300x200.jpg\" class=\"attachment-medium size-medium\" alt=\"\" srcset=\"https:\/\/www.clarisseguichard.com\/wp-content\/uploads\/2017\/01\/01-300x200.jpg 300w, https:\/\/www.clarisseguichard.com\/wp-content\/uploads\/2017\/01\/01-768x511.jpg 768w, https:\/\/www.clarisseguichard.com\/wp-content\/uploads\/2017\/01\/01.jpg 1020w\" sizes=\"auto, 100vw\" \/><\/a>\n\t\t\t<\/div><\/figure><figure class='gallery-item'>\n\t\t\t<div class='gallery-icon landscape'>\n\t\t\t\t<a href='https:\/\/www.clarisseguichard.com\/wp-content\/uploads\/2017\/01\/02.jpg'><img loading=\"lazy\" decoding=\"async\" width=\"300\" height=\"200\" src=\"https:\/\/www.clarisseguichard.com\/wp-content\/uploads\/2017\/01\/02-300x200.jpg\" class=\"attachment-medium size-medium\" alt=\"\" srcset=\"https:\/\/www.clarisseguichard.com\/wp-content\/uploads\/2017\/01\/02-300x200.jpg 300w, https:\/\/www.clarisseguichard.com\/wp-content\/uploads\/2017\/01\/02-768x511.jpg 768w, https:\/\/www.clarisseguichard.com\/wp-content\/uploads\/2017\/01\/02.jpg 1020w\" sizes=\"auto, 100vw\" \/><\/a>\n\t\t\t<\/div><\/figure><figure class='gallery-item'>\n\t\t\t<div class='gallery-icon landscape'>\n\t\t\t\t<a href='https:\/\/www.clarisseguichard.com\/wp-content\/uploads\/2017\/01\/03.jpg'><img loading=\"lazy\" decoding=\"async\" width=\"300\" height=\"200\" src=\"https:\/\/www.clarisseguichard.com\/wp-content\/uploads\/2017\/01\/03-300x200.jpg\" class=\"attachment-medium size-medium\" alt=\"\" srcset=\"https:\/\/www.clarisseguichard.com\/wp-content\/uploads\/2017\/01\/03-300x200.jpg 300w, https:\/\/www.clarisseguichard.com\/wp-content\/uploads\/2017\/01\/03-768x511.jpg 768w, https:\/\/www.clarisseguichard.com\/wp-content\/uploads\/2017\/01\/03.jpg 1020w\" sizes=\"auto, 100vw\" \/><\/a>\n\t\t\t<\/div><\/figure><figure class='gallery-item'>\n\t\t\t<div class='gallery-icon landscape'>\n\t\t\t\t<a href='https:\/\/www.clarisseguichard.com\/wp-content\/uploads\/2017\/01\/04.jpg'><img loading=\"lazy\" decoding=\"async\" width=\"300\" height=\"200\" src=\"https:\/\/www.clarisseguichard.com\/wp-content\/uploads\/2017\/01\/04-300x200.jpg\" class=\"attachment-medium size-medium\" alt=\"\" srcset=\"https:\/\/www.clarisseguichard.com\/wp-content\/uploads\/2017\/01\/04-300x200.jpg 300w, https:\/\/www.clarisseguichard.com\/wp-content\/uploads\/2017\/01\/04-768x512.jpg 768w, https:\/\/www.clarisseguichard.com\/wp-content\/uploads\/2017\/01\/04.jpg 1020w\" sizes=\"auto, 100vw\" \/><\/a>\n\t\t\t<\/div><\/figure><figure class='gallery-item'>\n\t\t\t<div class='gallery-icon landscape'>\n\t\t\t\t<a href='https:\/\/www.clarisseguichard.com\/wp-content\/uploads\/2017\/01\/05.jpg'><img loading=\"lazy\" decoding=\"async\" width=\"300\" height=\"200\" src=\"https:\/\/www.clarisseguichard.com\/wp-content\/uploads\/2017\/01\/05-300x200.jpg\" class=\"attachment-medium size-medium\" alt=\"\" srcset=\"https:\/\/www.clarisseguichard.com\/wp-content\/uploads\/2017\/01\/05-300x200.jpg 300w, https:\/\/www.clarisseguichard.com\/wp-content\/uploads\/2017\/01\/05-768x512.jpg 768w, https:\/\/www.clarisseguichard.com\/wp-content\/uploads\/2017\/01\/05.jpg 1020w\" sizes=\"auto, 100vw\" \/><\/a>\n\t\t\t<\/div><\/figure><figure class='gallery-item'>\n\t\t\t<div class='gallery-icon landscape'>\n\t\t\t\t<a href='https:\/\/www.clarisseguichard.com\/wp-content\/uploads\/2017\/01\/06.jpg'><img loading=\"lazy\" decoding=\"async\" width=\"300\" height=\"200\" src=\"https:\/\/www.clarisseguichard.com\/wp-content\/uploads\/2017\/01\/06-300x200.jpg\" class=\"attachment-medium size-medium\" alt=\"\" srcset=\"https:\/\/www.clarisseguichard.com\/wp-content\/uploads\/2017\/01\/06-300x200.jpg 300w, https:\/\/www.clarisseguichard.com\/wp-content\/uploads\/2017\/01\/06-768x512.jpg 768w, https:\/\/www.clarisseguichard.com\/wp-content\/uploads\/2017\/01\/06.jpg 1020w\" sizes=\"auto, 100vw\" \/><\/a>\n\t\t\t<\/div><\/figure><figure class='gallery-item'>\n\t\t\t<div class='gallery-icon landscape'>\n\t\t\t\t<a href='https:\/\/www.clarisseguichard.com\/wp-content\/uploads\/2017\/01\/07.jpg'><img loading=\"lazy\" decoding=\"async\" width=\"300\" height=\"200\" src=\"https:\/\/www.clarisseguichard.com\/wp-content\/uploads\/2017\/01\/07-300x200.jpg\" class=\"attachment-medium size-medium\" alt=\"\" srcset=\"https:\/\/www.clarisseguichard.com\/wp-content\/uploads\/2017\/01\/07-300x200.jpg 300w, https:\/\/www.clarisseguichard.com\/wp-content\/uploads\/2017\/01\/07-768x512.jpg 768w, https:\/\/www.clarisseguichard.com\/wp-content\/uploads\/2017\/01\/07.jpg 1020w\" sizes=\"auto, 100vw\" \/><\/a>\n\t\t\t<\/div><\/figure><figure class='gallery-item'>\n\t\t\t<div class='gallery-icon landscape'>\n\t\t\t\t<a href='https:\/\/www.clarisseguichard.com\/wp-content\/uploads\/2017\/01\/09.jpg'><img loading=\"lazy\" decoding=\"async\" width=\"300\" height=\"200\" src=\"https:\/\/www.clarisseguichard.com\/wp-content\/uploads\/2017\/01\/09-300x200.jpg\" class=\"attachment-medium size-medium\" alt=\"\" srcset=\"https:\/\/www.clarisseguichard.com\/wp-content\/uploads\/2017\/01\/09-300x200.jpg 300w, https:\/\/www.clarisseguichard.com\/wp-content\/uploads\/2017\/01\/09-768x512.jpg 768w, https:\/\/www.clarisseguichard.com\/wp-content\/uploads\/2017\/01\/09.jpg 1020w\" sizes=\"auto, 100vw\" \/><\/a>\n\t\t\t<\/div><\/figure><figure class='gallery-item'>\n\t\t\t<div class='gallery-icon landscape'>\n\t\t\t\t<a href='https:\/\/www.clarisseguichard.com\/wp-content\/uploads\/2017\/01\/12.jpg'><img loading=\"lazy\" decoding=\"async\" width=\"300\" height=\"200\" src=\"https:\/\/www.clarisseguichard.com\/wp-content\/uploads\/2017\/01\/12-300x200.jpg\" class=\"attachment-medium size-medium\" alt=\"\" srcset=\"https:\/\/www.clarisseguichard.com\/wp-content\/uploads\/2017\/01\/12-300x200.jpg 300w, https:\/\/www.clarisseguichard.com\/wp-content\/uploads\/2017\/01\/12-768x512.jpg 768w, https:\/\/www.clarisseguichard.com\/wp-content\/uploads\/2017\/01\/12.jpg 1020w\" sizes=\"auto, 100vw\" \/><\/a>\n\t\t\t<\/div><\/figure><figure class='gallery-item'>\n\t\t\t<div class='gallery-icon landscape'>\n\t\t\t\t<a href='https:\/\/www.clarisseguichard.com\/wp-content\/uploads\/2017\/01\/14.jpg'><img loading=\"lazy\" decoding=\"async\" width=\"300\" height=\"200\" src=\"https:\/\/www.clarisseguichard.com\/wp-content\/uploads\/2017\/01\/14-300x200.jpg\" class=\"attachment-medium size-medium\" alt=\"\" srcset=\"https:\/\/www.clarisseguichard.com\/wp-content\/uploads\/2017\/01\/14-300x200.jpg 300w, https:\/\/www.clarisseguichard.com\/wp-content\/uploads\/2017\/01\/14-768x512.jpg 768w, https:\/\/www.clarisseguichard.com\/wp-content\/uploads\/2017\/01\/14.jpg 1020w\" sizes=\"auto, 100vw\" \/><\/a>\n\t\t\t<\/div><\/figure><figure class='gallery-item'>\n\t\t\t<div class='gallery-icon landscape'>\n\t\t\t\t<a href='https:\/\/www.clarisseguichard.com\/wp-content\/uploads\/2017\/01\/21.jpg'><img loading=\"lazy\" decoding=\"async\" width=\"300\" height=\"200\" src=\"https:\/\/www.clarisseguichard.com\/wp-content\/uploads\/2017\/01\/21-300x200.jpg\" class=\"attachment-medium size-medium\" alt=\"\" srcset=\"https:\/\/www.clarisseguichard.com\/wp-content\/uploads\/2017\/01\/21-300x200.jpg 300w, https:\/\/www.clarisseguichard.com\/wp-content\/uploads\/2017\/01\/21-768x512.jpg 768w, https:\/\/www.clarisseguichard.com\/wp-content\/uploads\/2017\/01\/21.jpg 1020w\" sizes=\"auto, 100vw\" \/><\/a>\n\t\t\t<\/div><\/figure><figure class='gallery-item'>\n\t\t\t<div class='gallery-icon landscape'>\n\t\t\t\t<a href='https:\/\/www.clarisseguichard.com\/wp-content\/uploads\/2017\/01\/25.jpg'><img loading=\"lazy\" decoding=\"async\" width=\"300\" height=\"200\" src=\"https:\/\/www.clarisseguichard.com\/wp-content\/uploads\/2017\/01\/25-300x200.jpg\" class=\"attachment-medium size-medium\" alt=\"\" srcset=\"https:\/\/www.clarisseguichard.com\/wp-content\/uploads\/2017\/01\/25-300x200.jpg 300w, https:\/\/www.clarisseguichard.com\/wp-content\/uploads\/2017\/01\/25-768x512.jpg 768w, https:\/\/www.clarisseguichard.com\/wp-content\/uploads\/2017\/01\/25.jpg 1020w\" sizes=\"auto, 100vw\" \/><\/a>\n\t\t\t<\/div><\/figure><figure class='gallery-item'>\n\t\t\t<div class='gallery-icon landscape'>\n\t\t\t\t<a href='https:\/\/www.clarisseguichard.com\/wp-content\/uploads\/2017\/01\/26.jpg'><img loading=\"lazy\" decoding=\"async\" width=\"300\" height=\"200\" src=\"https:\/\/www.clarisseguichard.com\/wp-content\/uploads\/2017\/01\/26-300x200.jpg\" class=\"attachment-medium size-medium\" alt=\"\" srcset=\"https:\/\/www.clarisseguichard.com\/wp-content\/uploads\/2017\/01\/26-300x200.jpg 300w, https:\/\/www.clarisseguichard.com\/wp-content\/uploads\/2017\/01\/26-768x512.jpg 768w, https:\/\/www.clarisseguichard.com\/wp-content\/uploads\/2017\/01\/26.jpg 1020w\" sizes=\"auto, 100vw\" \/><\/a>\n\t\t\t<\/div><\/figure><figure class='gallery-item'>\n\t\t\t<div class='gallery-icon landscape'>\n\t\t\t\t<a href='https:\/\/www.clarisseguichard.com\/wp-content\/uploads\/2017\/01\/27.jpg'><img loading=\"lazy\" decoding=\"async\" width=\"300\" height=\"200\" src=\"https:\/\/www.clarisseguichard.com\/wp-content\/uploads\/2017\/01\/27-300x200.jpg\" class=\"attachment-medium size-medium\" alt=\"\" srcset=\"https:\/\/www.clarisseguichard.com\/wp-content\/uploads\/2017\/01\/27-300x200.jpg 300w, https:\/\/www.clarisseguichard.com\/wp-content\/uploads\/2017\/01\/27-768x512.jpg 768w, https:\/\/www.clarisseguichard.com\/wp-content\/uploads\/2017\/01\/27.jpg 1020w\" sizes=\"auto, 100vw\" \/><\/a>\n\t\t\t<\/div><\/figure>\n\t\t<\/div>\n\n<p><strong>couleur du temps<br \/>\n<\/strong><\/p>\n<p>\u00c0 l&rsquo;\u00e9t\u00e9 2010, je demandais \u00e0 ma m\u00e8re jusqu\u2019\u00e0 quel \u00e2ge persiste encore l\u2019id\u00e9e que l\u2019on pourra changer de vie, entreprendre de nouvelles choses. Et vers quel \u00e2ge arrive le sentiment que le temps s\u2019est restreint, que tant de chose que l\u2019on s\u2019\u00e9tait imagin\u00e9es, projet\u00e9es, sont d\u00e9sormais perdues. J\u2019avais vingt-quatre ans, ma m\u00e8re cinquante huit. Je ne m\u2019attendais pas vraiment \u00e0 une r\u00e9ponse, en tout cas pas pr\u00e9cise.<\/p>\n<p>Apr\u00e8s quelques minutes, elle me r\u00e9pondit\u00a0:\u00ab\u00a0vers quarante-cinq ans\u00a0\u00bb.<\/p>\n<p>J\u2019avais d\u00e9j\u00e0 parcouru plus de la moiti\u00e9 du temps pour arriver \u00e0 quarante-cinq ans.<\/p>\n<p>Peut-on parler de g\u00e9n\u00e9rations\u00a0? Et comment d\u00e9finie-t-on une g\u00e9n\u00e9ration, quels en sont ses limites\u00a0? S\u2019agit-il d\u2019un \u00e2ge\u00a0? D\u2019une p\u00e9riode\u00a0? Dans quelle mesure se sent on appartenir \u00e0 une g\u00e9n\u00e9ration\u00a0?<\/p>\n<p>\u00c9tant n\u00e9e en 1986, j\u2019ai voulu m\u2019int\u00e9resser \u00e0 cette g\u00e9n\u00e9ration \u2013 celle n\u00e9e dans les ann\u00e9es quatre-vingt \u2013 en m\u2019imposant cette d\u00e9cennie comme limite concr\u00e8te, bien que cela puisse para\u00eetre arbitraire. Temps lin\u00e9aire ou spiral\u00e9, il est difficile de le diviser en d\u00e9cennies qui d\u00e9finissent concr\u00e8tement les g\u00e9n\u00e9rations.<\/p>\n<p>Nous avons commenc\u00e9 \u00e0 vieillir, \u00e0 sentir le devoir de construire quelque chose individuellement, une \u00ab\u00a0vie\u00a0\u00bb, une forme d\u2019appartenance qui soit reconnue comme un r\u00f4le au sein de la soci\u00e9t\u00e9. S&rsquo;\u00e9carter de l&rsquo;h\u00e9donisme&#8230; Cela repr\u00e9sente aussi la p\u00e9riode o\u00f9 l\u2019on commence \u00e0 ressentir le temps pass\u00e9, les phases termin\u00e9es et le d\u00e9sir de le retenir.<\/p>\n<p>Entour\u00e9e de divers individus qui ont entre autres, ce vague point en commun \u2013 d\u2019\u00eatre n\u00e9s dans les ann\u00e9es quatre vingt \u2013 je suis all\u00e9e les photographier, en cherchant \u00e0 comprendre o\u00f9 ils en sont et \u00e0 garder une trace de ces personnes dans leur p\u00e9riode de construction.<\/p>\n<p>Leur annon\u00e7ant que je reviendrai les photographier tous les cinq ans, \u00e0 chaque personne j&rsquo;ai demand\u00e9 ce que repr\u00e9sente pour elle l&rsquo;id\u00e9e du temps qui passe. Question simple et ouverte, j&rsquo;ai laiss\u00e9 libre court \u00e0 leurs interpr\u00e9tations\u2026 Certains m&rsquo;ont parl\u00e9, d&rsquo;autres non, j&rsquo;ai pris quelques notes\u2026<\/p>\n<p>\u2026\u2026\u2026\u2026\u2026\u2026\u2026\u2026\u2026\u2026\u2026\u2026\u2026\u2026\u2026\u2026\u2026\u2026\u2026\u2026\u2026\u2026\u2026\u2026\u2026\u2026\u2026\u2026\u2026\u2026\u2026\u2026\u2026\u2026\u2026\u2026\u2026\u2026\u2026<\/p>\n<p>D (1985) m&rsquo;\u00e9crit un mail, le 22 novembre 2012 :<\/p>\n<p><em>\u00a0Ch\u00e8re Clarisse,<\/em><\/p>\n<p><em>\u00a0Que je te raconte le yoga? Epique! J&rsquo;ai fait marche arri\u00e8re&#8230; Arriv\u00e9e en retard devant un stade de sport comme ceux qui m&rsquo;avaient traumatis\u00e9e coll\u00e9gienne!!!!!! J&rsquo;irai lundi dans une petite salle pas m\u00e9chante, \u00e7a m&rsquo;ira mieux pour commencer&#8230; En douceur!<\/em><\/p>\n<p><em>Je profite donc d&rsquo;avoir une heure de gagn\u00e9e pour reprendre ce que je t&rsquo;ai dit tout \u00e0 l&rsquo;heure \u00e0 propos du temps qui passe&#8230;<\/em><\/p>\n<p><em>Jusqu&rsquo;\u00e0 mes 24 ans, alors que d&rsquo;autres amis n&rsquo;aimaient pas voir leurs anniversaires arriver, je maintenais quant \u00e0 moi que mon \u00e2ge ne me touchait pas&#8230;<\/em><\/p>\n<p><em>Mais, 24 ans m&rsquo;ont donn\u00e9 le sentiment d&rsquo;avoir bient\u00f4t 25, et 25, un quart de si\u00e8cle&#8230; Plus que deux ou trois autres et la vie qui s&rsquo;arr\u00eate&#8230; Jusque l\u00e0, la mort ne repr\u00e9sentait qu&rsquo;un horizon trop lointain pour \u00eatre pris en compte, l\u00e0, il commen\u00e7ait \u00e0 faire partie de mon avenir&#8230;<\/em><\/p>\n<p><em>Aujourd&rsquo;hui, 27 ans, et une vingt-septi\u00e8me ann\u00e9e d\u00e9j\u00e0 bien entam\u00e9e&#8230; 28 approchent, et 28 c&rsquo;est bient\u00f4t 30 et puis, oui, d\u00e9cid\u00e9ment, les vieux avaient raison, le temps passe plus vite qu&rsquo;avant&#8230;<\/em><\/p>\n<p><em>Et bient\u00f4t 30, \u00e7a me fait aussi ressentir ma solitude, le fait de ne pas \u00eatre en couple, chose qui jusqu&rsquo;\u00e0 peu ne me posait aucun probl\u00e8me, les s\u00e9parations \u00e9taient souvent des moments qui \u00e9taient aussi de plaisir, le plaisir de se retrouver avec soi&#8230; Maintenant, seule, je ne sais plus bien&#8230; La perspective de le rester m&rsquo;inqui\u00e8te&#8230; Et le temps passe, seule&#8230; <\/em><\/p>\n<p><em>Enfin, avec ton projet, \u00e0 l&rsquo;id\u00e9e d&rsquo;\u00eatre photographi\u00e9e dans 5 ans, moi et certains de mes proches, une nouvelle inqui\u00e9tude : celle de se \u00ab\u00a0conventionnaliser\u00a0\u00bb&#8230; Plus conventionnelle \u00e0 19 ans qu&rsquo;\u00e0 16, plus conventionnelle \u00e0 25 qu&rsquo;\u00e0 20, plus encore \u00e0 27&#8230; Et dans 5 ans? Des vies bien rang\u00e9es qui nous attendent, bon gr\u00e9 mal gr\u00e9? Et putain, les vieux auront eu raison : \u00ab\u00a0Mais oui mais tu dis \u00e7a mais tu es jeune, tu verras plus tard&#8230;\u00a0\u00bb<\/em><\/p>\n<p><em>Pourtant, le temps qui passe, ce devrait \u00eatre aussi grandir, se remplir encore et encore de plein de chose, une bonne chose, mais ce n&rsquo;est pas ce qui me vient quand je me trouve \u00e0 devoir me poser la question du temps qui passe!<\/em><\/p>\n<p><em>\u00a0Plein de bisous,<\/em><\/p>\n<p><em>A bient\u00f4t,<\/em><\/p>\n<p>\u2026\u2026\u2026\u2026\u2026\u2026\u2026\u2026\u2026\u2026\u2026\u2026\u2026\u2026\u2026\u2026\u2026\u2026\u2026\u2026\u2026\u2026\u2026\u2026\u2026\u2026\u2026\u2026\u2026\u2026\u2026\u2026\u2026\u2026\u2026<\/p>\n<p>L (1986) n&rsquo;y pense pas g\u00e9n\u00e9ralement, elle s&rsquo;en emp\u00eache. Mais elle a une certaine angoisse lorsqu&rsquo;elle y pense car une sensation d&rsquo;urgence, de devoir se d\u00e9p\u00eacher pour avoir le temps de faire tout ce qu&rsquo;elle voudrait. Et de manquer de temps, toujours. Elle \u00e9vite d&rsquo;y penser et \u00e0 force, arrive \u00e0 l&rsquo;illusion d&rsquo;\u00eatre \u00e9ternelle, d&rsquo;o\u00f9 l&rsquo;angoisse de ce retour \u00e0 la r\u00e9alit\u00e9. En 2012, elle a l&rsquo;impression d&rsquo;\u00eatre la m\u00eame depuis ses vingt ans.<\/p>\n<p>\u2026\u2026\u2026\u2026\u2026\u2026\u2026\u2026\u2026\u2026\u2026\u2026\u2026\u2026\u2026\u2026\u2026\u2026\u2026\u2026\u2026\u2026\u2026\u2026\u2026\u2026\u2026\u2026\u2026\u2026\u2026\u2026\u2026<\/p>\n<p>T (1986) me dit qu&rsquo;il trouve cette \u00e9volution agr\u00e9able, qu&rsquo;il aime l&rsquo;id\u00e9e de penser aux changements op\u00e9r\u00e9s\u2026et \u00e0 venir. Il ne se projette pas particuli\u00e8rement dans l&rsquo;avenir, simplement il ne sait pas de quoi il peut \u00eatre fait, mais reste rassur\u00e9 \u00e0 l&rsquo;id\u00e9e que les choses changent.<\/p>\n<p>\u2026\u2026\u2026\u2026\u2026\u2026\u2026\u2026\u2026\u2026\u2026\u2026\u2026\u2026\u2026\u2026\u2026\u2026\u2026\u2026\u2026\u2026\u2026\u2026\u2026\u2026\u2026\u2026\u2026\u2026\u2026\u2026\u2026\u2026\u2026\u2026\u2026\u2026<\/p>\n<p>C (1985) est plut\u00f4t sereine, elle aime l&rsquo;id\u00e9e d&rsquo;une \u00e9volution, d&rsquo;une certaine forme d&rsquo;accomplissement. Elle dit qu&rsquo;elle est sans nostalgie, ni tellement de projection dans le futur.<\/p>\n<p>\u2026\u2026\u2026\u2026\u2026\u2026\u2026\u2026\u2026\u2026\u2026\u2026\u2026\u2026\u2026\u2026\u2026\u2026\u2026\u2026\u2026\u2026\u2026\u2026\u2026\u2026\u2026\u2026\u2026\u2026\u2026\u2026\u2026\u2026\u2026<\/p>\n<p>T (1984). Il dit avoir longtemps attendu que le temps passe avec impatience. L&rsquo;impatience d&rsquo;\u00eatre grand, de partir de sa famille. Impatience de finir ses \u00e9tudes, de travailler puis, sans cesse l&rsquo;attente du futur. Avec l&rsquo;id\u00e9e, que \u00e7a sera mieux apr\u00e8s.<\/p>\n<p>Il dit aussi que maintenant, il a chang\u00e9 de perspective face au temps qui passe, qu&rsquo;il pense plus au \u00ab\u00a0pr\u00e9sent\u00a0\u00bb, qu&rsquo;il a compris que \u00e7a ne vaut pas la peine d&rsquo;attendre, attendre trop. Il reste confiant quant au temps \u00e0 venir, au temps qui continuera \u00e0 passer, que \u00e7a sera sans doute mieux.<\/p>\n<p>\u2026\u2026\u2026\u2026\u2026\u2026\u2026\u2026\u2026\u2026\u2026\u2026\u2026\u2026\u2026\u2026\u2026\u2026\u2026\u2026\u2026\u2026\u2026\u2026\u2026\u2026\u2026\u2026\u2026\u2026\u2026\u2026\u2026\u2026\u2026<\/p>\n<p>M (1986) dit ressentir avant tout une certaine angoisse quant \u00e0 l&rsquo;incertitude du futur. Aura-t-il une certaine aisance mat\u00e9rielle, qu&rsquo;en sera-t-il de sa carri\u00e8re, etc\u2026etc\u2026<\/p>\n<p>Il dit ne pas r\u00e9ussir \u00e0 se projeter dans le temps pass\u00e9, que pour lui temps est \u00e0 venir et le temps qui passe est \u00e0 passer. Il ne revoit ni ne con\u00e7oit pas vraiment le pass\u00e9.<\/p>\n<p>\u2026\u2026\u2026\u2026\u2026\u2026\u2026\u2026\u2026\u2026\u2026\u2026\u2026\u2026\u2026\u2026\u2026\u2026\u2026\u2026\u2026\u2026\u2026\u2026\u2026\u2026\u2026\u2026\u2026\u2026\u2026\u2026\u2026\u2026\u2026\u2026<\/p>\n<p>F et B (1982 et 1983) me disent que le temps n&rsquo;est qu&rsquo;une entit\u00e9 abstraite invent\u00e9e par l&rsquo;humain.<\/p>\n<p>\u2026\u2026\u2026\u2026\u2026\u2026\u2026\u2026\u2026\u2026\u2026\u2026\u2026\u2026\u2026\u2026\u2026\u2026\u2026\u2026\u2026\u2026\u2026\u2026\u2026\u2026\u2026\u2026\u2026\u2026\u2026\u2026\u2026\u2026\u2026\u2026<\/p>\n<p>S (1982) ressent une certaine angoisse car on ne sait ce qui se passera sauf la certitude de vieillir et puis\u2026<\/p>\n<p>Elle dit avoir un regard tr\u00e8s distant sur son temps pass\u00e9, comme s&rsquo;il s&rsquo;agissait d&rsquo;une autre personne. Elle reste sceptique. Comme si elle ne comprenait pas son temps pass\u00e9. Paradoxalement, elle a plus confiance dans le temps \u00e0 venir, avec comme une id\u00e9e de se qui va d\u00e9rouler. Son temps pass\u00e9 lui appara\u00eet comme plus chaotique.<\/p>\n<p>\u2026\u2026\u2026\u2026\u2026\u2026\u2026\u2026\u2026\u2026\u2026\u2026\u2026\u2026\u2026\u2026\u2026\u2026\u2026\u2026\u2026\u2026\u2026\u2026\u2026\u2026\u2026\u2026\u2026\u2026\u2026\u2026\u2026\u2026\u2026\u2026\u2026\u2026<\/p>\n<p>B (1986). <em>\u00ab\u00a0Le temps qui passe repr\u00e9sente principalement la d\u00e9cr\u00e9pitude et la mort.\u00a0\u00bb<\/em><\/p>\n<p>\u2026\u2026\u2026\u2026\u2026\u2026\u2026\u2026\u2026\u2026\u2026\u2026\u2026\u2026\u2026\u2026\u2026\u2026\u2026\u2026\u2026\u2026\u2026\u2026\u2026\u2026\u2026\u2026\u2026\u2026\u2026\u2026\u2026\u2026\u2026\u2026\u2026<\/p>\n<p>R (1982). <em>\u00ab\u00a0Le temps qui passe \u00e9voque une marguerite.\u00a0\u00bb<\/em><\/p>\n<p>\u2026\u2026\u2026\u2026\u2026\u2026\u2026\u2026\u2026\u2026\u2026\u2026\u2026\u2026\u2026\u2026\u2026\u2026\u2026\u2026\u2026\u2026\u2026\u2026\u2026\u2026\u2026\u2026\u2026\u2026\u2026\u2026\u2026\u2026\u2026\u2026\u2026<\/p>\n<p>D (1986). \u00ab\u00a0De la fatigue, tant de fatigue !\u00a0\u00bb<\/p>\n<p>\u2026\u2026\u2026\u2026\u2026\u2026\u2026\u2026\u2026\u2026\u2026\u2026\u2026\u2026\u2026\u2026\u2026\u2026\u2026\u2026\u2026\u2026\u2026\u2026\u2026\u2026\u2026\u2026\u2026\u2026\u2026\u2026\u2026\u2026\u2026\u2026\u2026<\/p>\n<p>J (1987). \u00ab\u00a0Que du bonheur !\u00a0\u00bb<\/p>\n<p>\u2026\u2026\u2026\u2026\u2026\u2026\u2026\u2026\u2026\u2026\u2026\u2026\u2026\u2026\u2026\u2026\u2026\u2026\u2026\u2026\u2026\u2026\u2026\u2026\u2026\u2026\u2026\u2026\u2026\u2026\u2026\u2026\u2026\u2026\u2026\u2026\u2026<\/p>\n<p>B (1984). <em>\u00ab\u00a0Le temps qui passe est la fuite inexorable des \u00eatres chers.\u00a0\u00bb<\/em><\/p>\n<p><em>\u00a0<\/em>\u2026\u2026\u2026\u2026\u2026\u2026\u2026\u2026\u2026\u2026\u2026\u2026\u2026\u2026\u2026\u2026\u2026\u2026\u2026\u2026\u2026\u2026\u2026\u2026\u2026\u2026\u2026\u2026\u2026\u2026\u2026\u2026\u2026\u2026\u2026<\/p>\n<p>R (1985). <em>\u00ab\u00a0Le temps qui passe c&rsquo;est la temp\u00eate qui va se calmer. Avec le temps les peines passent.\u00a0\u00bb<\/em><\/p>\n","protected":false},"excerpt":{"rendered":"<p>2012-2013 couleur du temps \u00c0 l&rsquo;\u00e9t\u00e9 2010, je demandais \u00e0 ma m\u00e8re jusqu\u2019\u00e0 quel \u00e2ge persiste encore l\u2019id\u00e9e que l\u2019on pourra changer de vie, entreprendre de nouvelles choses. Et vers quel \u00e2ge arrive le sentiment que le temps s\u2019est restreint, que tant de chose que l\u2019on s\u2019\u00e9tait imagin\u00e9es, projet\u00e9es, sont d\u00e9sormais perdues. J\u2019avais vingt-quatre ans, &hellip; <\/p>\n<p class=\"link-more\"><a href=\"https:\/\/www.clarisseguichard.com\/?page_id=310\" class=\"more-link\">Continuer la lecture<span class=\"screen-reader-text\"> de &laquo;&nbsp;Children of The 80&rsquo;s&nbsp;&raquo;<\/span><\/a><\/p>\n","protected":false},"author":1,"featured_media":0,"parent":15,"menu_order":0,"comment_status":"closed","ping_status":"closed","template":"","meta":{"footnotes":""},"class_list":["post-310","page","type-page","status-publish","hentry"],"jetpack_sharing_enabled":true,"_links":{"self":[{"href":"https:\/\/www.clarisseguichard.com\/index.php?rest_route=\/wp\/v2\/pages\/310","targetHints":{"allow":["GET"]}}],"collection":[{"href":"https:\/\/www.clarisseguichard.com\/index.php?rest_route=\/wp\/v2\/pages"}],"about":[{"href":"https:\/\/www.clarisseguichard.com\/index.php?rest_route=\/wp\/v2\/types\/page"}],"author":[{"embeddable":true,"href":"https:\/\/www.clarisseguichard.com\/index.php?rest_route=\/wp\/v2\/users\/1"}],"replies":[{"embeddable":true,"href":"https:\/\/www.clarisseguichard.com\/index.php?rest_route=%2Fwp%2Fv2%2Fcomments&post=310"}],"version-history":[{"count":3,"href":"https:\/\/www.clarisseguichard.com\/index.php?rest_route=\/wp\/v2\/pages\/310\/revisions"}],"predecessor-version":[{"id":323,"href":"https:\/\/www.clarisseguichard.com\/index.php?rest_route=\/wp\/v2\/pages\/310\/revisions\/323"}],"up":[{"embeddable":true,"href":"https:\/\/www.clarisseguichard.com\/index.php?rest_route=\/wp\/v2\/pages\/15"}],"wp:attachment":[{"href":"https:\/\/www.clarisseguichard.com\/index.php?rest_route=%2Fwp%2Fv2%2Fmedia&parent=310"}],"curies":[{"name":"wp","href":"https:\/\/api.w.org\/{rel}","templated":true}]}}